{"id":31,"date":"2019-11-15T21:03:21","date_gmt":"2019-11-15T21:03:21","guid":{"rendered":"https:\/\/tartecitron.fr\/?page_id=31"},"modified":"2020-11-25T22:14:24","modified_gmt":"2020-11-25T22:14:24","slug":"tarte-au-citron-legere","status":"publish","type":"page","link":"https:\/\/tartecitron.fr\/?page_id=31","title":{"rendered":"Tarte au citron l\u00e9g\u00e8re"},"content":{"rendered":"<h2 style=\"text-align: center;\">Recette de la tarte au citron l\u00e9g\u00e8re<\/h2>\n<p>Du go\u00fbt et des calories en moins !<\/p>\n<p>La <a href=\"https:\/\/tartecitron.fr\/tarte-au-citron\/recette-tarte-au-citron\/\">recette tarte au citron<\/a> l\u00e9g\u00e8re : Moins de calories, plus digeste et toujours \u00e9norm\u00e9ment de plaisir.<br \/>\nPar rapport \u00e0 la version vraiment gourmande de la tarte au citron meringu\u00e9e, celle-ci est all\u00e9g\u00e9e en sucres et en mati\u00e8res grasses.<br \/>\nPour encore plus de l\u00e9g\u00e8ret\u00e9 : au lieu d&rsquo;utiliser du faux beurre et du faux sucre, je vous conseille simplement de r\u00e9duire les portions en faisant par exemple 10 tartelettes avec les m\u00eames ingr\u00e9dients. Vous servez \u00e7a avec une petite salade de fraises ou de framboises et le tour est jou\u00e9 !<\/p>\n<h3>tarte au citron meringu\u00e9e au four<\/h3>\n<p>Ingr\u00e9dients pour 6 \u00e0 8 gourmands<\/p>\n<h4>P\u00e2te bris\u00e9e :<\/h4>\n<p>200g de farine de bl\u00e9 et 50g de farine de ch\u00e2taigne (ou 250g de farine de bl\u00e9)<br \/>\n100g de beurre mou<br \/>\n60 g d&rsquo;eau ou de lait<br \/>\nUne pinc\u00e9e de sel<\/p>\n<h4>Cr\u00e8me au citron :<\/h4>\n<p>150 ml de jus de citron (2 \u00e0 3 citrons selon grosseur)<br \/>\nZestes de 2 citrons non trait\u00e9s<br \/>\n100g de sucre<br \/>\n1 \u0153uf entier + 2 jaunes<br \/>\n10g (1 cuiller \u00e0 soupe rase) de f\u00e9cule de Ma\u00efs (Ma\u00efzena)<\/p>\n<h4>Meringue :<\/h4>\n<p>2 blancs d&rsquo;\u0153uf<br \/>\n1 pinc\u00e9e de sel<br \/>\n70 g de sucre<\/p>\n<h3>La p\u00e2te bris\u00e9e<\/h3>\n<p>Travaillez la farine, le sel et le beurre mou. Faites un puits, ajoutez l&rsquo;eau, m\u00e9langez rapidement et formez une boule.<br \/>\nRecouvrez la p\u00e2te avec un film alimentaire ou un linge humide et laissez la reposer au moins une heure au r\u00e9frig\u00e9rateur.<\/p>\n<p>\u00c9tendez la p\u00e2te et mettez la dans un moule \u00e0 tarte de 25 centim\u00e8tres de diam\u00e8tre. Piquez le fond avec une fourchette et mettez une couche de haricots secs pour \u00e9viter que la p\u00e2te ne l\u00e8ve \u00e0 la cuisson. Enfournez \u00e0 180\u00b0 (th.6) jusqu&rsquo;\u00e0 l\u00e9g\u00e8re coloration de la p\u00e2te (20 \u00e0 25 minutes environ).<\/p>\n<p>Comme pour la recette de la p\u00e2te sabl\u00e9e, de nombreuses variations sont possibles pour modifier le go\u00fbt et la texture de la p\u00e2te bris\u00e9e.<\/p>\n<p>La pr\u00e9paration de la cr\u00e8me au citron<br \/>\nLavez les citrons. R\u00e9cup\u00e9rez les zestes de 2 citrons avec une r\u00e2pe fine. Attention \u00e0 ne pas prendre la partie blanche du citron qui est am\u00e8re.<br \/>\nLes zestes peuvent aussi \u00eatre obtenus en pelant les citrons avec un couteau \u00e9conome et en hachant finement les pelures sur une planche \u00e0 d\u00e9couper ou en les mettant dans un mini-hachoir \u00e9lectrique.<\/p>\n<p>Dans une casserole, portez \u00e0 \u00e9bullition le jus de citron avec les zestes et le sucre. Couvrez et laissez infuser les zestes au moins 5 minutes. Passez au chinois ou dans une passoire fine pour avoir une cr\u00e8me parfaitement lisse.<br \/>\nDans un bol, m\u00e9langez la f\u00e9cule de ma\u00efs avec un tout petit peu d&rsquo;eau pour \u00e9viter les grumeaux, ajoutez l&rsquo;\u0153uf entier et les 2 jaunes, battez le tout et versez la pr\u00e9paration dans la casserole et m\u00e9langez imm\u00e9diatement. Remettez la casserole \u00e0 feu assez vif et m\u00e9langez constamment avec un fouet jusqu&rsquo;\u00e0 ce que le m\u00e9lange \u00e9paississe.<\/p>\n<p>Toutes les photos, conseils et variations de la recette de cr\u00e8me au citron<\/p>\n<p>Le montage de la tarte au citron, la meringue<br \/>\nNappez le fond de la tarte avec la cr\u00e8me au citron.<\/p>\n<p>Ajoutez une pinc\u00e9e de sel \u00e0 vos blancs d\u2019\u0153ufs. Commencez \u00e0 les monter au batteur \u00e9lectrique. Avant qu&rsquo;ils ne soient totalement fermes, ajoutez progressivement le sucre tout en battant \u00e0 pleine vitesse.<br \/>\nRecouvrez la tarte de meringue. Lissez avec le dos d&rsquo;une cuill\u00e8re, dessinez des motifs avec les dents d&rsquo;une fourchette, avec vos doigts&#8230; Pour un r\u00e9sultat d&rsquo;aspect professionnel, d\u00e9posez des petits plots de meringue sur toute la surface de la tarte avec une poche \u00e0 douille.<\/p>\n<p>Mettez le four en position grill et placez la tarte dessous jusqu&rsquo;\u00e0 coloration : 1 \u00e0 2 minutes et c&rsquo;est fait, 3 minutes et c&rsquo;est br\u00fbl\u00e9.<\/p>\n<p>Cette tarte se mange froide mais sortez la du r\u00e9frig\u00e9rateur au moins 1\/2 heure avant de la d\u00e9guster.<\/p>\n<p style=\"text-align: right;\"><em><strong>Bon app\u00e9tit \u00e0 tous les gourmands !<\/strong><\/em><\/p>\n<p style=\"text-align: center;\"><\/p>\n<h2 style=\"text-align: center;\"><\/h2>\n","protected":false},"excerpt":{"rendered":"<p>Recette de la tarte au citron l\u00e9g\u00e8re Du go\u00fbt et des calories en moins ! La recette tarte au citron l\u00e9g\u00e8re : Moins de calories, plus digeste et toujours \u00e9norm\u00e9ment de plaisir. Par rapport \u00e0 la version vraiment gourmande de la tarte au citron meringu\u00e9e, celle-ci est all\u00e9g\u00e9e en sucres &hellip; <\/p>\n","protected":false},"author":1,"featured_media":195,"parent":13,"menu_order":0,"comment_status":"closed","ping_status":"open","template":"","meta":{"footnotes":""},"class_list":["post-31","page","type-page","status-publish","has-post-thumbnail","hentry"],"yoast_head":"<!-- This site is optimized with the Yoast SEO plugin v27.4 - https:\/\/yoast.com\/product\/yoast-seo-wordpress\/ -->\n<title>Tarte au citron l\u00e9g\u00e8re - Tarte au Citron<\/title>\n<meta name=\"robots\" content=\"index, follow, max-snippet:-1, max-image-preview:large, max-video-preview:-1\" \/>\n<link rel=\"canonical\" href=\"https:\/\/tartecitron.fr\/?page_id=31\" \/>\n<meta property=\"og:locale\" content=\"fr_FR\" \/>\n<meta property=\"og:type\" content=\"article\" \/>\n<meta property=\"og:title\" content=\"Tarte au citron l\u00e9g\u00e8re - Tarte au Citron\" \/>\n<meta property=\"og:description\" content=\"Recette de la tarte au citron l\u00e9g\u00e8re Du go\u00fbt et des calories en moins ! La recette tarte au citron l\u00e9g\u00e8re : Moins de calories, plus digeste et toujours \u00e9norm\u00e9ment de plaisir. Par rapport \u00e0 la version vraiment gourmande de la tarte au citron meringu\u00e9e, celle-ci est all\u00e9g\u00e9e en sucres &hellip;\" \/>\n<meta property=\"og:url\" content=\"https:\/\/tartecitron.fr\/?page_id=31\" \/>\n<meta property=\"og:site_name\" content=\"Tarte au Citron\" \/>\n<meta property=\"article:modified_time\" content=\"2020-11-25T22:14:24+00:00\" \/>\n<meta property=\"og:image\" content=\"https:\/\/tartecitron.fr\/wp-content\/uploads\/2020\/11\/tarte-citron-l\u00e9gere.jpg\" \/>\n\t<meta property=\"og:image:width\" content=\"800\" \/>\n\t<meta property=\"og:image:height\" content=\"533\" \/>\n\t<meta property=\"og:image:type\" content=\"image\/jpeg\" \/>\n<meta name=\"twitter:card\" content=\"summary_large_image\" \/>\n<meta name=\"twitter:label1\" content=\"Dur\u00e9e de lecture estim\u00e9e\" \/>\n\t<meta name=\"twitter:data1\" content=\"3 minutes\" \/>\n<script type=\"application\/ld+json\" class=\"yoast-schema-graph\">{\"@context\":\"https:\\\/\\\/schema.org\",\"@graph\":[{\"@type\":\"WebPage\",\"@id\":\"https:\\\/\\\/tartecitron.fr\\\/?page_id=31\",\"url\":\"https:\\\/\\\/tartecitron.fr\\\/?page_id=31\",\"name\":\"Tarte au citron l\u00e9g\u00e8re - Tarte au Citron\",\"isPartOf\":{\"@id\":\"https:\\\/\\\/tartecitron.fr\\\/#website\"},\"primaryImageOfPage\":{\"@id\":\"https:\\\/\\\/tartecitron.fr\\\/?page_id=31#primaryimage\"},\"image\":{\"@id\":\"https:\\\/\\\/tartecitron.fr\\\/?page_id=31#primaryimage\"},\"thumbnailUrl\":\"https:\\\/\\\/tartecitron.fr\\\/wp-content\\\/uploads\\\/2020\\\/11\\\/tarte-citron-l\u00e9gere.jpg\",\"datePublished\":\"2019-11-15T21:03:21+00:00\",\"dateModified\":\"2020-11-25T22:14:24+00:00\",\"breadcrumb\":{\"@id\":\"https:\\\/\\\/tartecitron.fr\\\/?page_id=31#breadcrumb\"},\"inLanguage\":\"fr-FR\",\"potentialAction\":[{\"@type\":\"ReadAction\",\"target\":[\"https:\\\/\\\/tartecitron.fr\\\/?page_id=31\"]}]},{\"@type\":\"ImageObject\",\"inLanguage\":\"fr-FR\",\"@id\":\"https:\\\/\\\/tartecitron.fr\\\/?page_id=31#primaryimage\",\"url\":\"https:\\\/\\\/tartecitron.fr\\\/wp-content\\\/uploads\\\/2020\\\/11\\\/tarte-citron-l\u00e9gere.jpg\",\"contentUrl\":\"https:\\\/\\\/tartecitron.fr\\\/wp-content\\\/uploads\\\/2020\\\/11\\\/tarte-citron-l\u00e9gere.jpg\",\"width\":800,\"height\":533,\"caption\":\"tarte citron l\u00e9g\u00e8re\"},{\"@type\":\"BreadcrumbList\",\"@id\":\"https:\\\/\\\/tartecitron.fr\\\/?page_id=31#breadcrumb\",\"itemListElement\":[{\"@type\":\"ListItem\",\"position\":1,\"name\":\"Accueil\",\"item\":\"https:\\\/\\\/tartecitron.fr\\\/\"},{\"@type\":\"ListItem\",\"position\":2,\"name\":\"Tarte au Citron\",\"item\":\"https:\\\/\\\/tartecitron.fr\\\/?page_id=5\"},{\"@type\":\"ListItem\",\"position\":3,\"name\":\"recette tarte au citron\",\"item\":\"https:\\\/\\\/tartecitron.fr\\\/\"},{\"@type\":\"ListItem\",\"position\":4,\"name\":\"Tarte au citron l\u00e9g\u00e8re\"}]},{\"@type\":\"WebSite\",\"@id\":\"https:\\\/\\\/tartecitron.fr\\\/#website\",\"url\":\"https:\\\/\\\/tartecitron.fr\\\/\",\"name\":\"Tarte au Citron\",\"description\":\"Blog Citronn\u00e9e\",\"potentialAction\":[{\"@type\":\"SearchAction\",\"target\":{\"@type\":\"EntryPoint\",\"urlTemplate\":\"https:\\\/\\\/tartecitron.fr\\\/?s={search_term_string}\"},\"query-input\":{\"@type\":\"PropertyValueSpecification\",\"valueRequired\":true,\"valueName\":\"search_term_string\"}}],\"inLanguage\":\"fr-FR\"}]}<\/script>\n<!-- \/ Yoast SEO plugin. -->","yoast_head_json":{"title":"Tarte au citron l\u00e9g\u00e8re - Tarte au Citron","robots":{"index":"index","follow":"follow","max-snippet":"max-snippet:-1","max-image-preview":"max-image-preview:large","max-video-preview":"max-video-preview:-1"},"canonical":"https:\/\/tartecitron.fr\/?page_id=31","og_locale":"fr_FR","og_type":"article","og_title":"Tarte au citron l\u00e9g\u00e8re - Tarte au Citron","og_description":"Recette de la tarte au citron l\u00e9g\u00e8re Du go\u00fbt et des calories en moins ! La recette tarte au citron l\u00e9g\u00e8re : Moins de calories, plus digeste et toujours \u00e9norm\u00e9ment de plaisir. Par rapport \u00e0 la version vraiment gourmande de la tarte au citron meringu\u00e9e, celle-ci est all\u00e9g\u00e9e en sucres &hellip;","og_url":"https:\/\/tartecitron.fr\/?page_id=31","og_site_name":"Tarte au Citron","article_modified_time":"2020-11-25T22:14:24+00:00","og_image":[{"width":800,"height":533,"url":"https:\/\/tartecitron.fr\/wp-content\/uploads\/2020\/11\/tarte-citron-l\u00e9gere.jpg","type":"image\/jpeg"}],"twitter_card":"summary_large_image","twitter_misc":{"Dur\u00e9e de lecture estim\u00e9e":"3 minutes"},"schema":{"@context":"https:\/\/schema.org","@graph":[{"@type":"WebPage","@id":"https:\/\/tartecitron.fr\/?page_id=31","url":"https:\/\/tartecitron.fr\/?page_id=31","name":"Tarte au citron l\u00e9g\u00e8re - Tarte au Citron","isPartOf":{"@id":"https:\/\/tartecitron.fr\/#website"},"primaryImageOfPage":{"@id":"https:\/\/tartecitron.fr\/?page_id=31#primaryimage"},"image":{"@id":"https:\/\/tartecitron.fr\/?page_id=31#primaryimage"},"thumbnailUrl":"https:\/\/tartecitron.fr\/wp-content\/uploads\/2020\/11\/tarte-citron-l\u00e9gere.jpg","datePublished":"2019-11-15T21:03:21+00:00","dateModified":"2020-11-25T22:14:24+00:00","breadcrumb":{"@id":"https:\/\/tartecitron.fr\/?page_id=31#breadcrumb"},"inLanguage":"fr-FR","potentialAction":[{"@type":"ReadAction","target":["https:\/\/tartecitron.fr\/?page_id=31"]}]},{"@type":"ImageObject","inLanguage":"fr-FR","@id":"https:\/\/tartecitron.fr\/?page_id=31#primaryimage","url":"https:\/\/tartecitron.fr\/wp-content\/uploads\/2020\/11\/tarte-citron-l\u00e9gere.jpg","contentUrl":"https:\/\/tartecitron.fr\/wp-content\/uploads\/2020\/11\/tarte-citron-l\u00e9gere.jpg","width":800,"height":533,"caption":"tarte citron l\u00e9g\u00e8re"},{"@type":"BreadcrumbList","@id":"https:\/\/tartecitron.fr\/?page_id=31#breadcrumb","itemListElement":[{"@type":"ListItem","position":1,"name":"Accueil","item":"https:\/\/tartecitron.fr\/"},{"@type":"ListItem","position":2,"name":"Tarte au Citron","item":"https:\/\/tartecitron.fr\/?page_id=5"},{"@type":"ListItem","position":3,"name":"recette tarte au citron","item":"https:\/\/tartecitron.fr\/"},{"@type":"ListItem","position":4,"name":"Tarte au citron l\u00e9g\u00e8re"}]},{"@type":"WebSite","@id":"https:\/\/tartecitron.fr\/#website","url":"https:\/\/tartecitron.fr\/","name":"Tarte au Citron","description":"Blog Citronn\u00e9e","potentialAction":[{"@type":"SearchAction","target":{"@type":"EntryPoint","urlTemplate":"https:\/\/tartecitron.fr\/?s={search_term_string}"},"query-input":{"@type":"PropertyValueSpecification","valueRequired":true,"valueName":"search_term_string"}}],"inLanguage":"fr-FR"}]}},"_links":{"self":[{"href":"https:\/\/tartecitron.fr\/index.php?rest_route=\/wp\/v2\/pages\/31","targetHints":{"allow":["GET"]}}],"collection":[{"href":"https:\/\/tartecitron.fr\/index.php?rest_route=\/wp\/v2\/pages"}],"about":[{"href":"https:\/\/tartecitron.fr\/index.php?rest_route=\/wp\/v2\/types\/page"}],"author":[{"embeddable":true,"href":"https:\/\/tartecitron.fr\/index.php?rest_route=\/wp\/v2\/users\/1"}],"replies":[{"embeddable":true,"href":"https:\/\/tartecitron.fr\/index.php?rest_route=%2Fwp%2Fv2%2Fcomments&post=31"}],"version-history":[{"count":8,"href":"https:\/\/tartecitron.fr\/index.php?rest_route=\/wp\/v2\/pages\/31\/revisions"}],"predecessor-version":[{"id":198,"href":"https:\/\/tartecitron.fr\/index.php?rest_route=\/wp\/v2\/pages\/31\/revisions\/198"}],"up":[{"embeddable":true,"href":"https:\/\/tartecitron.fr\/index.php?rest_route=\/wp\/v2\/pages\/13"}],"wp:featuredmedia":[{"embeddable":true,"href":"https:\/\/tartecitron.fr\/index.php?rest_route=\/wp\/v2\/media\/195"}],"wp:attachment":[{"href":"https:\/\/tartecitron.fr\/index.php?rest_route=%2Fwp%2Fv2%2Fmedia&parent=31"}],"curies":[{"name":"wp","href":"https:\/\/api.w.org\/{rel}","templated":true}]}}